{"id":7337,"date":"2023-04-06T09:38:49","date_gmt":"2023-04-06T09:38:49","guid":{"rendered":"https:\/\/lifteurop.com\/?page_id=7337"},"modified":"2023-04-13T06:16:40","modified_gmt":"2023-04-13T06:16:40","slug":"liftracer","status":"publish","type":"page","link":"https:\/\/lifteurop.com\/fr\/liftracer\/","title":{"rendered":"LIFTRACER"},"content":{"rendered":"<p>&nbsp;<\/p>\n<div id=\"ConnectiveDocSignExtentionInstalled\" data-extension-version=\"1.0.4\"><\/div>\n","protected":false},"excerpt":{"rendered":"<p>&nbsp;<\/p>\n","protected":false},"author":2,"featured_media":7338,"parent":0,"menu_order":0,"comment_status":"closed","ping_status":"closed","template":"","meta":{"_acf_changed":false,"footnotes":""},"class_list":["post-7337","page","type-page","status-publish","has-post-thumbnail","hentry"],"acf":[],"yoast_head":"<!-- This site is optimized with the Yoast SEO plugin v26.6 - https:\/\/yoast.com\/wordpress\/plugins\/seo\/ -->\n<title>LIFTRACER, outil de gestion et de tra\u00e7abilit\u00e9 - Lifteurop<\/title>\n<meta name=\"description\" content=\"LIFTRACER permet le tra\u00e7age du mat\u00e9riel de levage LIFTEUROP et donne un acc\u00e8s en temps r\u00e9el \u00e0 tous les documents relatifs aux produits.\" \/>\n<meta name=\"robots\" content=\"index, follow, max-snippet:-1, max-image-preview:large, max-video-preview:-1\" \/>\n<link rel=\"canonical\" href=\"https:\/\/lifteurop.com\/fr\/liftracer\/\" \/>\n<meta property=\"og:locale\" content=\"fr_FR\" \/>\n<meta property=\"og:type\" content=\"article\" \/>\n<meta property=\"og:title\" content=\"LIFTRACER, outil de gestion et de tra\u00e7abilit\u00e9 - Lifteurop\" \/>\n<meta property=\"og:description\" content=\"LIFTRACER permet le tra\u00e7age du mat\u00e9riel de levage LIFTEUROP et donne un acc\u00e8s en temps r\u00e9el \u00e0 tous les documents relatifs aux produits.\" \/>\n<meta property=\"og:url\" content=\"https:\/\/lifteurop.com\/fr\/liftracer\/\" \/>\n<meta property=\"og:site_name\" content=\"Lifteurop\" \/>\n<meta property=\"article:modified_time\" content=\"2023-04-13T06:16:40+00:00\" \/>\n<meta property=\"og:image\" content=\"https:\/\/lifteurop.com\/app\/uploads\/2023\/04\/liftracer_outil_de_gestion_et_de_tracabilite.png\" \/>\n\t<meta property=\"og:image:width\" content=\"756\" \/>\n\t<meta property=\"og:image:height\" content=\"472\" \/>\n\t<meta property=\"og:image:type\" content=\"image\/png\" \/>\n<meta name=\"twitter:card\" content=\"summary_large_image\" \/>\n<script type=\"application\/ld+json\" class=\"yoast-schema-graph\">{\"@context\":\"https:\/\/schema.org\",\"@graph\":[{\"@type\":\"WebPage\",\"@id\":\"https:\/\/lifteurop.com\/fr\/liftracer\/\",\"url\":\"https:\/\/lifteurop.com\/fr\/liftracer\/\",\"name\":\"LIFTRACER, outil de gestion et de tra\u00e7abilit\u00e9 - Lifteurop\",\"isPartOf\":{\"@id\":\"https:\/\/lifteurop.com\/fr\/#website\"},\"primaryImageOfPage\":{\"@id\":\"https:\/\/lifteurop.com\/fr\/liftracer\/#primaryimage\"},\"image\":{\"@id\":\"https:\/\/lifteurop.com\/fr\/liftracer\/#primaryimage\"},\"thumbnailUrl\":\"https:\/\/lifteurop.com\/app\/uploads\/2023\/04\/liftracer_outil_de_gestion_et_de_tracabilite.png\",\"datePublished\":\"2023-04-06T09:38:49+00:00\",\"dateModified\":\"2023-04-13T06:16:40+00:00\",\"description\":\"LIFTRACER permet le tra\u00e7age du mat\u00e9riel de levage LIFTEUROP et donne un acc\u00e8s en temps r\u00e9el \u00e0 tous les documents relatifs aux produits.\",\"breadcrumb\":{\"@id\":\"https:\/\/lifteurop.com\/fr\/liftracer\/#breadcrumb\"},\"inLanguage\":\"fr-FR\",\"potentialAction\":[{\"@type\":\"ReadAction\",\"target\":[\"https:\/\/lifteurop.com\/fr\/liftracer\/\"]}]},{\"@type\":\"ImageObject\",\"inLanguage\":\"fr-FR\",\"@id\":\"https:\/\/lifteurop.com\/fr\/liftracer\/#primaryimage\",\"url\":\"https:\/\/lifteurop.com\/app\/uploads\/2023\/04\/liftracer_outil_de_gestion_et_de_tracabilite.png\",\"contentUrl\":\"https:\/\/lifteurop.com\/app\/uploads\/2023\/04\/liftracer_outil_de_gestion_et_de_tracabilite.png\",\"width\":756,\"height\":472,\"caption\":\"LIFTRACER, outil de gestion et de tra\u00e7abilit\u00e9 | LIFTEUROP\"},{\"@type\":\"BreadcrumbList\",\"@id\":\"https:\/\/lifteurop.com\/fr\/liftracer\/#breadcrumb\",\"itemListElement\":[{\"@type\":\"ListItem\",\"position\":1,\"name\":\"Home\",\"item\":\"https:\/\/lifteurop.com\/fr\/\"},{\"@type\":\"ListItem\",\"position\":2,\"name\":\"LIFTRACER\"}]},{\"@type\":\"WebSite\",\"@id\":\"https:\/\/lifteurop.com\/fr\/#website\",\"url\":\"https:\/\/lifteurop.com\/fr\/\",\"name\":\"Lifteurop\",\"description\":\"Ihr Partner f\u00fcr sicheres Hebezubeh\u00f6r\",\"potentialAction\":[{\"@type\":\"SearchAction\",\"target\":{\"@type\":\"EntryPoint\",\"urlTemplate\":\"https:\/\/lifteurop.com\/fr\/?s={search_term_string}\"},\"query-input\":{\"@type\":\"PropertyValueSpecification\",\"valueRequired\":true,\"valueName\":\"search_term_string\"}}],\"inLanguage\":\"fr-FR\"}]}<\/script>\n<!-- \/ Yoast SEO plugin. -->","yoast_head_json":{"title":"LIFTRACER, outil de gestion et de tra\u00e7abilit\u00e9 - Lifteurop","description":"LIFTRACER permet le tra\u00e7age du mat\u00e9riel de levage LIFTEUROP et donne un acc\u00e8s en temps r\u00e9el \u00e0 tous les documents relatifs aux produits.","robots":{"index":"index","follow":"follow","max-snippet":"max-snippet:-1","max-image-preview":"max-image-preview:large","max-video-preview":"max-video-preview:-1"},"canonical":"https:\/\/lifteurop.com\/fr\/liftracer\/","og_locale":"fr_FR","og_type":"article","og_title":"LIFTRACER, outil de gestion et de tra\u00e7abilit\u00e9 - Lifteurop","og_description":"LIFTRACER permet le tra\u00e7age du mat\u00e9riel de levage LIFTEUROP et donne un acc\u00e8s en temps r\u00e9el \u00e0 tous les documents relatifs aux produits.","og_url":"https:\/\/lifteurop.com\/fr\/liftracer\/","og_site_name":"Lifteurop","article_modified_time":"2023-04-13T06:16:40+00:00","og_image":[{"width":756,"height":472,"url":"https:\/\/lifteurop.com\/app\/uploads\/2023\/04\/liftracer_outil_de_gestion_et_de_tracabilite.png","type":"image\/png"}],"twitter_card":"summary_large_image","schema":{"@context":"https:\/\/schema.org","@graph":[{"@type":"WebPage","@id":"https:\/\/lifteurop.com\/fr\/liftracer\/","url":"https:\/\/lifteurop.com\/fr\/liftracer\/","name":"LIFTRACER, outil de gestion et de tra\u00e7abilit\u00e9 - Lifteurop","isPartOf":{"@id":"https:\/\/lifteurop.com\/fr\/#website"},"primaryImageOfPage":{"@id":"https:\/\/lifteurop.com\/fr\/liftracer\/#primaryimage"},"image":{"@id":"https:\/\/lifteurop.com\/fr\/liftracer\/#primaryimage"},"thumbnailUrl":"https:\/\/lifteurop.com\/app\/uploads\/2023\/04\/liftracer_outil_de_gestion_et_de_tracabilite.png","datePublished":"2023-04-06T09:38:49+00:00","dateModified":"2023-04-13T06:16:40+00:00","description":"LIFTRACER permet le tra\u00e7age du mat\u00e9riel de levage LIFTEUROP et donne un acc\u00e8s en temps r\u00e9el \u00e0 tous les documents relatifs aux produits.","breadcrumb":{"@id":"https:\/\/lifteurop.com\/fr\/liftracer\/#breadcrumb"},"inLanguage":"fr-FR","potentialAction":[{"@type":"ReadAction","target":["https:\/\/lifteurop.com\/fr\/liftracer\/"]}]},{"@type":"ImageObject","inLanguage":"fr-FR","@id":"https:\/\/lifteurop.com\/fr\/liftracer\/#primaryimage","url":"https:\/\/lifteurop.com\/app\/uploads\/2023\/04\/liftracer_outil_de_gestion_et_de_tracabilite.png","contentUrl":"https:\/\/lifteurop.com\/app\/uploads\/2023\/04\/liftracer_outil_de_gestion_et_de_tracabilite.png","width":756,"height":472,"caption":"LIFTRACER, outil de gestion et de tra\u00e7abilit\u00e9 | LIFTEUROP"},{"@type":"BreadcrumbList","@id":"https:\/\/lifteurop.com\/fr\/liftracer\/#breadcrumb","itemListElement":[{"@type":"ListItem","position":1,"name":"Home","item":"https:\/\/lifteurop.com\/fr\/"},{"@type":"ListItem","position":2,"name":"LIFTRACER"}]},{"@type":"WebSite","@id":"https:\/\/lifteurop.com\/fr\/#website","url":"https:\/\/lifteurop.com\/fr\/","name":"Lifteurop","description":"Ihr Partner f\u00fcr sicheres Hebezubeh\u00f6r","potentialAction":[{"@type":"SearchAction","target":{"@type":"EntryPoint","urlTemplate":"https:\/\/lifteurop.com\/fr\/?s={search_term_string}"},"query-input":{"@type":"PropertyValueSpecification","valueRequired":true,"valueName":"search_term_string"}}],"inLanguage":"fr-FR"}]}},"_links":{"self":[{"href":"https:\/\/lifteurop.com\/fr\/wp-json\/wp\/v2\/pages\/7337","targetHints":{"allow":["GET"]}}],"collection":[{"href":"https:\/\/lifteurop.com\/fr\/wp-json\/wp\/v2\/pages"}],"about":[{"href":"https:\/\/lifteurop.com\/fr\/wp-json\/wp\/v2\/types\/page"}],"author":[{"embeddable":true,"href":"https:\/\/lifteurop.com\/fr\/wp-json\/wp\/v2\/users\/2"}],"replies":[{"embeddable":true,"href":"https:\/\/lifteurop.com\/fr\/wp-json\/wp\/v2\/comments?post=7337"}],"version-history":[{"count":18,"href":"https:\/\/lifteurop.com\/fr\/wp-json\/wp\/v2\/pages\/7337\/revisions"}],"predecessor-version":[{"id":7377,"href":"https:\/\/lifteurop.com\/fr\/wp-json\/wp\/v2\/pages\/7337\/revisions\/7377"}],"wp:featuredmedia":[{"embeddable":true,"href":"https:\/\/lifteurop.com\/fr\/wp-json\/wp\/v2\/media\/7338"}],"wp:attachment":[{"href":"https:\/\/lifteurop.com\/fr\/wp-json\/wp\/v2\/media?parent=7337"}],"curies":[{"name":"wp","href":"https:\/\/api.w.org\/{rel}","templated":true}]}}