{"id":3042,"date":"2021-10-25T13:53:37","date_gmt":"2021-10-25T13:53:37","guid":{"rendered":"https:\/\/lifteurop.eteamsys.com\/?page_id=3042"},"modified":"2023-02-15T09:52:53","modified_gmt":"2023-02-15T09:52:53","slug":"ingenieurbuero","status":"publish","type":"page","link":"https:\/\/lifteurop.com\/de\/ingenieurbuero\/","title":{"rendered":"Ingenieurb\u00fcro"},"content":{"rendered":"<p>&nbsp;<\/p>\n<div id=\"ConnectiveDocSignExtentionInstalled\" data-extension-version=\"1.0.4\"><\/div>\n","protected":false},"excerpt":{"rendered":"<p>&nbsp;<\/p>\n","protected":false},"author":2,"featured_media":0,"parent":0,"menu_order":0,"comment_status":"closed","ping_status":"closed","template":"","meta":{"_acf_changed":false,"footnotes":""},"class_list":["post-3042","page","type-page","status-publish","hentry"],"acf":[],"yoast_head":"<!-- This site is optimized with the Yoast SEO plugin v26.6 - https:\/\/yoast.com\/wordpress\/plugins\/seo\/ -->\n<title>Ingenieurb\u00fcro - Lifteurop - ma\u00dfgefertigte Lastaufnahmemittel<\/title>\n<meta name=\"description\" content=\"Unser eigenes Ingenieurb\u00fcro ist in Wiltz (Luxemburg) angesiedelt. Es analysiert ihre Bed\u00fcrfnisse und entwirft effiziente Lastaufnahmemittel, die Ihre Anforderungen erf\u00fcllen.\" \/>\n<meta name=\"robots\" content=\"index, follow, max-snippet:-1, max-image-preview:large, max-video-preview:-1\" \/>\n<link rel=\"canonical\" href=\"https:\/\/lifteurop.com\/de\/ingenieurbuero\/\" \/>\n<meta property=\"og:locale\" content=\"de_DE\" \/>\n<meta property=\"og:type\" content=\"article\" \/>\n<meta property=\"og:title\" content=\"Ingenieurb\u00fcro - Lifteurop - ma\u00dfgefertigte Lastaufnahmemittel\" \/>\n<meta property=\"og:description\" content=\"Unser eigenes Ingenieurb\u00fcro ist in Wiltz (Luxemburg) angesiedelt. Es analysiert ihre Bed\u00fcrfnisse und entwirft effiziente Lastaufnahmemittel, die Ihre Anforderungen erf\u00fcllen.\" \/>\n<meta property=\"og:url\" content=\"https:\/\/lifteurop.com\/de\/ingenieurbuero\/\" \/>\n<meta property=\"og:site_name\" content=\"Lifteurop\" \/>\n<meta property=\"article:modified_time\" content=\"2023-02-15T09:52:53+00:00\" \/>\n<meta name=\"twitter:card\" content=\"summary_large_image\" \/>\n<script type=\"application\/ld+json\" class=\"yoast-schema-graph\">{\"@context\":\"https:\/\/schema.org\",\"@graph\":[{\"@type\":\"WebPage\",\"@id\":\"https:\/\/lifteurop.com\/de\/ingenieurbuero\/\",\"url\":\"https:\/\/lifteurop.com\/de\/ingenieurbuero\/\",\"name\":\"Ingenieurb\u00fcro - Lifteurop - ma\u00dfgefertigte Lastaufnahmemittel\",\"isPartOf\":{\"@id\":\"https:\/\/lifteurop.com\/de\/#website\"},\"datePublished\":\"2021-10-25T13:53:37+00:00\",\"dateModified\":\"2023-02-15T09:52:53+00:00\",\"description\":\"Unser eigenes Ingenieurb\u00fcro ist in Wiltz (Luxemburg) angesiedelt. Es analysiert ihre Bed\u00fcrfnisse und entwirft effiziente Lastaufnahmemittel, die Ihre Anforderungen erf\u00fcllen.\",\"breadcrumb\":{\"@id\":\"https:\/\/lifteurop.com\/de\/ingenieurbuero\/#breadcrumb\"},\"inLanguage\":\"de-DE\",\"potentialAction\":[{\"@type\":\"ReadAction\",\"target\":[\"https:\/\/lifteurop.com\/de\/ingenieurbuero\/\"]}]},{\"@type\":\"BreadcrumbList\",\"@id\":\"https:\/\/lifteurop.com\/de\/ingenieurbuero\/#breadcrumb\",\"itemListElement\":[{\"@type\":\"ListItem\",\"position\":1,\"name\":\"Home\",\"item\":\"https:\/\/lifteurop.com\/de\/\"},{\"@type\":\"ListItem\",\"position\":2,\"name\":\"Ingenieurb\u00fcro\"}]},{\"@type\":\"WebSite\",\"@id\":\"https:\/\/lifteurop.com\/de\/#website\",\"url\":\"https:\/\/lifteurop.com\/de\/\",\"name\":\"Lifteurop\",\"description\":\"Ihr Partner f\u00fcr sicheres Hebezubeh\u00f6r\",\"potentialAction\":[{\"@type\":\"SearchAction\",\"target\":{\"@type\":\"EntryPoint\",\"urlTemplate\":\"https:\/\/lifteurop.com\/de\/?s={search_term_string}\"},\"query-input\":{\"@type\":\"PropertyValueSpecification\",\"valueRequired\":true,\"valueName\":\"search_term_string\"}}],\"inLanguage\":\"de-DE\"}]}<\/script>\n<!-- \/ Yoast SEO plugin. -->","yoast_head_json":{"title":"Ingenieurb\u00fcro - Lifteurop - ma\u00dfgefertigte Lastaufnahmemittel","description":"Unser eigenes Ingenieurb\u00fcro ist in Wiltz (Luxemburg) angesiedelt. Es analysiert ihre Bed\u00fcrfnisse und entwirft effiziente Lastaufnahmemittel, die Ihre Anforderungen erf\u00fcllen.","robots":{"index":"index","follow":"follow","max-snippet":"max-snippet:-1","max-image-preview":"max-image-preview:large","max-video-preview":"max-video-preview:-1"},"canonical":"https:\/\/lifteurop.com\/de\/ingenieurbuero\/","og_locale":"de_DE","og_type":"article","og_title":"Ingenieurb\u00fcro - Lifteurop - ma\u00dfgefertigte Lastaufnahmemittel","og_description":"Unser eigenes Ingenieurb\u00fcro ist in Wiltz (Luxemburg) angesiedelt. Es analysiert ihre Bed\u00fcrfnisse und entwirft effiziente Lastaufnahmemittel, die Ihre Anforderungen erf\u00fcllen.","og_url":"https:\/\/lifteurop.com\/de\/ingenieurbuero\/","og_site_name":"Lifteurop","article_modified_time":"2023-02-15T09:52:53+00:00","twitter_card":"summary_large_image","schema":{"@context":"https:\/\/schema.org","@graph":[{"@type":"WebPage","@id":"https:\/\/lifteurop.com\/de\/ingenieurbuero\/","url":"https:\/\/lifteurop.com\/de\/ingenieurbuero\/","name":"Ingenieurb\u00fcro - Lifteurop - ma\u00dfgefertigte Lastaufnahmemittel","isPartOf":{"@id":"https:\/\/lifteurop.com\/de\/#website"},"datePublished":"2021-10-25T13:53:37+00:00","dateModified":"2023-02-15T09:52:53+00:00","description":"Unser eigenes Ingenieurb\u00fcro ist in Wiltz (Luxemburg) angesiedelt. Es analysiert ihre Bed\u00fcrfnisse und entwirft effiziente Lastaufnahmemittel, die Ihre Anforderungen erf\u00fcllen.","breadcrumb":{"@id":"https:\/\/lifteurop.com\/de\/ingenieurbuero\/#breadcrumb"},"inLanguage":"de-DE","potentialAction":[{"@type":"ReadAction","target":["https:\/\/lifteurop.com\/de\/ingenieurbuero\/"]}]},{"@type":"BreadcrumbList","@id":"https:\/\/lifteurop.com\/de\/ingenieurbuero\/#breadcrumb","itemListElement":[{"@type":"ListItem","position":1,"name":"Home","item":"https:\/\/lifteurop.com\/de\/"},{"@type":"ListItem","position":2,"name":"Ingenieurb\u00fcro"}]},{"@type":"WebSite","@id":"https:\/\/lifteurop.com\/de\/#website","url":"https:\/\/lifteurop.com\/de\/","name":"Lifteurop","description":"Ihr Partner f\u00fcr sicheres Hebezubeh\u00f6r","potentialAction":[{"@type":"SearchAction","target":{"@type":"EntryPoint","urlTemplate":"https:\/\/lifteurop.com\/de\/?s={search_term_string}"},"query-input":{"@type":"PropertyValueSpecification","valueRequired":true,"valueName":"search_term_string"}}],"inLanguage":"de-DE"}]}},"_links":{"self":[{"href":"https:\/\/lifteurop.com\/de\/wp-json\/wp\/v2\/pages\/3042","targetHints":{"allow":["GET"]}}],"collection":[{"href":"https:\/\/lifteurop.com\/de\/wp-json\/wp\/v2\/pages"}],"about":[{"href":"https:\/\/lifteurop.com\/de\/wp-json\/wp\/v2\/types\/page"}],"author":[{"embeddable":true,"href":"https:\/\/lifteurop.com\/de\/wp-json\/wp\/v2\/users\/2"}],"replies":[{"embeddable":true,"href":"https:\/\/lifteurop.com\/de\/wp-json\/wp\/v2\/comments?post=3042"}],"version-history":[{"count":7,"href":"https:\/\/lifteurop.com\/de\/wp-json\/wp\/v2\/pages\/3042\/revisions"}],"predecessor-version":[{"id":7085,"href":"https:\/\/lifteurop.com\/de\/wp-json\/wp\/v2\/pages\/3042\/revisions\/7085"}],"wp:attachment":[{"href":"https:\/\/lifteurop.com\/de\/wp-json\/wp\/v2\/media?parent=3042"}],"curies":[{"name":"wp","href":"https:\/\/api.w.org\/{rel}","templated":true}]}}